{"id":12,"date":"2025-03-05T15:52:04","date_gmt":"2025-03-05T14:52:04","guid":{"rendered":"https:\/\/www.seewald-auszeit.at\/4feuer\/?page_id=12"},"modified":"2026-02-26T08:20:52","modified_gmt":"2026-02-26T07:20:52","slug":"4-feuer-kraeuterspirituosen","status":"publish","type":"page","link":"https:\/\/www.seewald-auszeit.at\/4feuer\/","title":{"rendered":"4 Feuer &#8211; Kr\u00e4uterspirituosen"},"content":{"rendered":"<div class=\"et_pb_section_0 et_pb_section et_section_regular et_block_section section_has_divider et_pb_bottom_divider\">\n<div class=\"et_pb_row_0 et_pb_row et_block_row\">\n<div class=\"et_pb_column_0 et_pb_column et_pb_column_3_5 et_block_column et_pb_css_mix_blend_mode_passthrough\">\n<div class=\"et_pb_image_0 et_pb_image et_pb_module et_block_module\"><span class=\"et_pb_image_wrap\"><img loading=\"lazy\" decoding=\"async\" src=\"https:\/\/www.seewald-auszeit.at\/4feuer\/wp-content\/uploads\/2025\/03\/herbal-remedy_36.png\" width=\"220\" height=\"361\" srcset=\"https:\/\/www.seewald-auszeit.at\/4feuer\/wp-content\/uploads\/2025\/03\/herbal-remedy_36.png 220w, https:\/\/www.seewald-auszeit.at\/4feuer\/wp-content\/uploads\/2025\/03\/herbal-remedy_36-183x300.png 183w\" sizes=\"(max-width: 220px) 100vw, 220px\" class=\"wp-image-17\" title=\"herbal-remedy_36\" \/><\/span><\/div>\n\n<div class=\"et_pb_image_1 et_pb_image et_pb_module et_block_module\"><span class=\"et_pb_image_wrap\"><img loading=\"lazy\" decoding=\"async\" src=\"https:\/\/www.seewald-auszeit.at\/4feuer\/wp-content\/uploads\/2025\/03\/4Feuer-Logo-gruen.png\" width=\"250\" height=\"209\" sizes=\"(max-width: 250px) 100vw, 250px\" class=\"wp-image-8\" title=\"4Feuer-Logo\" alt=\"4 Feuer Logo\" \/><\/span><\/div>\n\n<div class=\"et_pb_text_0 et_pb_text et_pb_bg_layout_light et_pb_module et_block_module\"><div class=\"et_pb_text_inner\" data-et-mv-hidden-tablet=\"true\" data-et-mv-hidden-phone=\"true\"><h2>Wir arbeiten mit der Natur<\/h2>\n<h1>Pflanzentinkturen<\/h1>\n<\/div><\/div>\n<\/div>\n\n<div class=\"et_pb_column_1 et_pb_column et_pb_column_2_5 et-last-child et_block_column et_pb_css_mix_blend_mode_passthrough\">\n<div class=\"et_pb_image_2 et_pb_image et_pb_image_sticky et_pb_module et_block_module\"><span class=\"et_pb_image_wrap\"><img loading=\"lazy\" decoding=\"async\" src=\"https:\/\/www.seewald-auszeit.at\/4feuer\/wp-content\/uploads\/2025\/03\/4Feuer-Flasche-400.png\" width=\"135\" height=\"400\" srcset=\"https:\/\/www.seewald-auszeit.at\/4feuer\/wp-content\/uploads\/2025\/03\/4Feuer-Flasche-400.png 135w, https:\/\/www.seewald-auszeit.at\/4feuer\/wp-content\/uploads\/2025\/03\/4Feuer-Flasche-400-101x300.png 101w\" sizes=\"(max-width: 135px) 100vw, 135px\" class=\"wp-image-115\" title=\"4Feuer-Flasche\" alt=\"4 Feuer Flasche\" \/><\/span><\/div>\n<\/div>\n<\/div>\n<div class=\"et_pb_bottom_inside_divider et-no-transition\"><\/div><\/div>\n\n<div class=\"et_pb_section_1 et_pb_section et_section_regular et_block_section et_animated section_has_divider et_pb_top_divider\"><div class=\"et_pb_top_inside_divider et-no-transition\"><\/div>\n<div class=\"et_pb_row_1 et_pb_row et_pb_equal_columns et_block_row\">\n<div class=\"et_pb_column_2 et_pb_column et_pb_column_1_3 et_block_column et_pb_css_mix_blend_mode_passthrough\">\n<div class=\"et_pb_image_3 et_pb_image et_pb_module et_block_module\"><span class=\"et_pb_image_wrap\"><img loading=\"lazy\" decoding=\"async\" src=\"https:\/\/www.seewald-auszeit.at\/4feuer\/wp-content\/uploads\/2025\/03\/29_optimized.jpg\" width=\"800\" height=\"1067\" srcset=\"https:\/\/www.seewald-auszeit.at\/4feuer\/wp-content\/uploads\/2025\/03\/29_optimized.jpg 800w, https:\/\/www.seewald-auszeit.at\/4feuer\/wp-content\/uploads\/2025\/03\/29_optimized-480x640.jpg 480w\" sizes=\"(min-width: 0px) and (max-width: 480px) 480px, (min-width: 481px) 800px, 100vw\" class=\"wp-image-49\" title=\"Kr\u00e4uterspirituosen von &quot;4 Feuer&quot;\" alt=\"Kr\u00e4uterspirituosen von &quot;4 Feuer&quot;\" \/><\/span><\/div>\n\n<div class=\"et_pb_text_1 et_pb_text et_pb_bg_layout_light et_pb_module et_block_module et_pb_text_align_center\"><div class=\"et_pb_text_inner\"><p>Abf\u00fcllungen mit <br \/>30ml Inhalt, 20% Vol.<\/p>\n<\/div><\/div>\n<\/div>\n\n<div class=\"et_pb_column_3 et_pb_column et_pb_column_2_3 et-last-child et_block_column et_pb_css_mix_blend_mode_passthrough\">\n<div class=\"et_pb_text_2 et_pb_text et_pb_bg_layout_light et_pb_module et_block_module\"><div class=\"et_pb_text_inner\"><h2>Unser Anliegen mit \"4 Feuer\"<\/h2>\n<\/div><\/div>\n\n<div class=\"et_pb_text_3 et_pb_text et_pb_bg_layout_light et_pb_module et_block_module\"><div class=\"et_pb_text_inner\"><h3>Die Pflanzentinkturen von \"4 Feuer\" sind inspiriert durch jahrhundertealte Methoden traditioneller, europ\u00e4ischer Kunstfertigkeit der Pflanzenzubereitung.<\/h3>\n<\/div><\/div>\n\n<div class=\"et_pb_text_4 et_pb_text et_pb_bg_layout_light et_pb_module et_block_module\"><div class=\"et_pb_text_inner\"><p>Wir von 4 Feuer beobachten die Natur sehr genau, und wir forschen in jahrhundertealten Sch\u00e4tzen europ\u00e4ischer Literatur auf der Suche nach vergessenen Geheimnissen kunstvoller Zubereitung.<\/p>\n<p>Neben den verschiedenen Feuern unserer Arbeit gl\u00fcht allem voran das Feuer der Begeisterung.<\/p>\n<p>Die verwendeten Pflanzen stammen bevorzugt aus Wildsammlung und biologischem Anbau, der echte Weinbrand ist von oststeirischer Herkunft. Zeit ist eine unserer wichtigen Zutaten, ebenso die schonende Herstellung. F\u00fcr jede Zubereitung vergehen vom Beginn bis zur Abf\u00fcllung mindestens 10 Wochen.<\/p>\n<p>Das Resultat sind hocharomatische, kr\u00e4ftige, und doch milde <span>Pflanzentinkturen<\/span> mit Wurzeln in der fernen Vergangenheit unserer Tradition.<\/p>\n<\/div><\/div>\n\n<div class=\"et_pb_text_5 et_pb_text et_pb_bg_layout_light et_pb_module et_block_module et_pb_text_align_center-phone\"><div class=\"et_pb_text_inner\" data-et-mv-hidden-tablet=\"true\" data-et-mv-hidden-phone=\"true\"><h2>Erh\u00e4ltlich sind \"4 Feuer\" bei<\/h2>\n<p><strong>BioHerz | Lebensmittel, Naturkosmetik &amp; Nahrungserg\u00e4nzung<\/strong><br \/>Andritzer Reichsstra\u00dfe 62a, 8045 Graz<\/p>\n<p><strong>Purpur Apotheke<\/strong><br \/>Radegunderstrasse 47, 8045 Graz<\/p>\n<\/div><\/div>\n<\/div>\n<\/div>\n\n<div class=\"et_pb_row_2 et_pb_row et_flex_row\">\n<div class=\"et_pb_column_4 et_pb_column et-last-child et_flex_column et_pb_css_mix_blend_mode_passthrough et_flex_column_24_24 et_flex_column_24_24_tablet et_flex_column_24_24_phone\">\n<div class=\"et_pb_text_6 et_pb_text et_pb_bg_layout_light et_pb_module et_flex_module\"><div class=\"et_pb_text_inner\" data-et-mv-hidden-tablet=\"true\"><h2>Vortr\u00e4ge<\/h2>\n<h3>Pflanzentinkturen - altes Wissen aus unserer Tradition.<br \/>Geschichte, Wesen und Anwendung.<\/h3>\n<p><span>In diesen Vortr\u00e4gen erfahren sie, warum und wann man statt einem Tee eine Pflanzentinktur verwendet, wie diese Tinktur hergestellt wird und warum die Kr\u00e4uter nicht \u201enur\u201c in Alkohol eingelegt werden, sondern auch noch andere Verfahren eingesetzt werden. Dabei wird altes Wissen aus der europ\u00e4ischen Tradition erkl\u00e4rt und erfahrbar gemacht durch Bilder, Anschauungsmaterial und mit Geruchs-, und Kostproben.<\/span><\/p>\n<p><span>Eintritt: Freiwillige Spende<\/span><\/p>\n<\/div><\/div>\n\n<div class=\"et_pb_text_7 et_pb_text et_pb_bg_layout_light et_pb_module et_flex_module\"><div class=\"et_pb_text_inner\"><ul>\n<li>Gemeinde Breitenau | 15. April 18:30 Uhr<\/li>\n<li>am Eisenbergerhof | 6. Mai 19 Uhr | <a href=\"https:\/\/www.eisenbergerhof.at\/single-event_db.php?id=962\" target=\"_blank\" rel=\"noopener\">Mehr dazu<\/a><\/li>\n<li>G\u00e4rtnerei Painer | 17. Juni 19 Uhr<\/li>\n<\/ul>\n<\/div><\/div>\n<\/div>\n<\/div>\n\n<div class=\"et_pb_row_3 et_pb_row et_flex_row\">\n<div class=\"et_pb_column_5 et_pb_column et-last-child et_flex_column et_pb_css_mix_blend_mode_passthrough et_flex_column_24_24 et_flex_column_24_24_tablet et_flex_column_24_24_phone\">\n<div class=\"et_pb_text_8 et_pb_text et_pb_bg_layout_light et_pb_module et_flex_module\"><div class=\"et_pb_text_inner\"><h2>Unsere Pflanzentinkturen<\/h2>\n<\/div><\/div>\n<\/div>\n<\/div>\n\n<div class=\"et_pb_row_4 et_pb_row et_flex_row\">\n<div class=\"et_pb_column_6 et_pb_column et_flex_column et_pb_css_mix_blend_mode_passthrough et_flex_column_6_24 et_flex_column_12_24_tablet et_flex_column_24_24_phone\">\n<div class=\"et_pb_blurb_0 et_pb_blurb et_pb_bg_layout_light et_pb_text_align_center et_pb_blurb_position_top et_pb_module et_flex_module\"><div class=\"et_pb_blurb_content et_flex_module\"><div class=\"et_pb_main_blurb_image\"><span class=\"et_pb_image_wrap et_pb_only_image_mode_wrap\"><img loading=\"lazy\" decoding=\"async\" src=\"https:\/\/www.seewald-auszeit.at\/4feuer\/wp-content\/uploads\/2025\/03\/flamme.png\" width=\"101\" height=\"205\" sizes=\"(max-width: 101px) 100vw, 101px\" class=\"et-waypoint et_pb_animation_top et_pb_animation_top_tablet et_pb_animation_top_phone wp-image-9\" title=\"flamme\" \/><\/span><\/div><div class=\"et_pb_blurb_container\"><h3 class=\"et_pb_module_header\">Frauenkr\u00e4uter<\/h3><div class=\"et_pb_blurb_description\"><p>Mit Frauenmantel, Schafgarbe,<br \/>\nBrennessel, Rose<\/p>\n<\/div><\/div><\/div><\/div>\n<\/div>\n\n<div class=\"et_pb_column_7 et_pb_column et_flex_column et_pb_css_mix_blend_mode_passthrough et_flex_column_6_24 et_flex_column_12_24_tablet et_flex_column_24_24_phone\">\n<div class=\"et_pb_blurb_1 et_pb_blurb et_pb_bg_layout_light et_pb_text_align_center et_pb_blurb_position_top et_pb_module et_flex_module\"><div class=\"et_pb_blurb_content et_flex_module\"><div class=\"et_pb_main_blurb_image\"><span class=\"et_pb_image_wrap et_pb_only_image_mode_wrap\"><img loading=\"lazy\" decoding=\"async\" src=\"https:\/\/www.seewald-auszeit.at\/4feuer\/wp-content\/uploads\/2025\/03\/flamme.png\" width=\"101\" height=\"205\" sizes=\"(max-width: 101px) 100vw, 101px\" class=\"et-waypoint et_pb_animation_top et_pb_animation_top_tablet et_pb_animation_top_phone wp-image-9\" title=\"flamme\" \/><\/span><\/div><div class=\"et_pb_blurb_container\"><h3 class=\"et_pb_module_header\">Wohlsein<\/h3><div class=\"et_pb_blurb_description\"><p>Mit Tausendg\u00fcldenkraut, Wermut,<br \/>L\u00f6wenzahn, Kalmus, Kardamom,<br \/>Rosmarin<\/p>\n<\/div><\/div><\/div><\/div>\n<\/div>\n\n<div class=\"et_pb_column_8 et_pb_column et_flex_column et_pb_css_mix_blend_mode_passthrough et_flex_column_6_24 et_flex_column_12_24_tablet et_flex_column_24_24_phone\">\n<div class=\"et_pb_blurb_2 et_pb_blurb et_pb_bg_layout_light et_pb_text_align_center et_pb_blurb_position_top et_pb_module et_flex_module\"><div class=\"et_pb_blurb_content et_flex_module\"><div class=\"et_pb_main_blurb_image\"><span class=\"et_pb_image_wrap et_pb_only_image_mode_wrap\"><img loading=\"lazy\" decoding=\"async\" src=\"https:\/\/www.seewald-auszeit.at\/4feuer\/wp-content\/uploads\/2025\/03\/flamme.png\" width=\"101\" height=\"205\" sizes=\"(max-width: 101px) 100vw, 101px\" class=\"et-waypoint et_pb_animation_top et_pb_animation_top_tablet et_pb_animation_top_phone wp-image-9\" title=\"flamme\" \/><\/span><\/div><div class=\"et_pb_blurb_container\"><h3 class=\"et_pb_module_header\">Geruhsamkeit<\/h3><div class=\"et_pb_blurb_description\"><p>Mit Melisse, Lavendel,<br \/>\nMistel, Kamille<\/p>\n<\/div><\/div><\/div><\/div>\n<\/div>\n\n<div class=\"et_pb_column_9 et_pb_column et-last-child et_flex_column et_pb_css_mix_blend_mode_passthrough et_flex_column_6_24 et_flex_column_12_24_tablet et_flex_column_24_24_phone\">\n<div class=\"et_pb_blurb_3 et_pb_blurb et_pb_bg_layout_light et_pb_text_align_center et_pb_blurb_position_top et_pb_module et_flex_module\"><div class=\"et_pb_blurb_content et_flex_module\"><div class=\"et_pb_main_blurb_image\"><span class=\"et_pb_image_wrap et_pb_only_image_mode_wrap\"><img loading=\"lazy\" decoding=\"async\" src=\"https:\/\/www.seewald-auszeit.at\/4feuer\/wp-content\/uploads\/2025\/03\/flamme.png\" width=\"101\" height=\"205\" sizes=\"(max-width: 101px) 100vw, 101px\" class=\"et-waypoint et_pb_animation_top et_pb_animation_top_tablet et_pb_animation_top_phone wp-image-9\" title=\"flamme\" \/><\/span><\/div><div class=\"et_pb_blurb_container\"><h3 class=\"et_pb_module_header\">Geborgenheit<\/h3><div class=\"et_pb_blurb_description\"><p>Mit Arnika, Ringelblume,<br \/>\nG\u00e4nsebl\u00fcmchen, Schl\u00fcsselblume<\/p>\n<\/div><\/div><\/div><\/div>\n<\/div>\n<\/div>\n\n<div class=\"et_pb_row_5 et_pb_row et_flex_row\">\n<div class=\"et_pb_column_10 et_pb_column et-last-child et_flex_column et_pb_css_mix_blend_mode_passthrough et_flex_column_24_24 et_flex_column_24_24_tablet et_flex_column_24_24_phone\">\n<div class=\"et_pb_text_9 et_pb_text et_pb_bg_layout_light et_pb_module et_flex_module\"><div class=\"et_pb_text_inner\"><h2>Einzeltinkturen auf Anfrage erh\u00e4ltlich<\/h2>\n<\/div><\/div>\n<\/div>\n<\/div>\n\n<div class=\"et_pb_row_6 et_pb_row et_flex_row\">\n<div class=\"et_pb_column_11 et_pb_column et_flex_column et_pb_css_mix_blend_mode_passthrough et_flex_column_8_24 et_flex_column_8_24_tablet et_flex_column_24_24_phone\">\n<div class=\"et_pb_toggle_0 et_pb_toggle et_pb_toggle_item et_pb_toggle_close et_pb_module et_flex_module\"><h4 class=\"et_pb_toggle_title\">A - H<\/h4><div class=\"et_pb_toggle_content clearfix et_flex_module\"><p>Arnika (nur \u00e4u\u00dferlich)<br \/>Augentrost<br \/>B\u00e4rentraube<br \/>Baikalm Helmkraut<br \/>Beifu\u00df<br \/>Beinwell (nur \u00e4u\u00dferlich)<br \/>Bittergurke<br \/>Birke<br \/>Brennesseln<br \/>Cistrose<br \/>Eisenkraut<br \/>Frauenmantel<br \/>Fenchel<br \/>G\u00e4nsebl\u00fcmchen<br \/>gelber Enzian<br \/>Ginkgo<br \/>Ginseng<br \/>Goldrute <br \/>Granatapfel<br \/>Griechischer Bergtee<br \/>Hirtent\u00e4schel<br \/>Holunderbl\u00fcten<\/p>\n<\/div><\/div>\n<\/div>\n\n<div class=\"et_pb_column_12 et_pb_column et_flex_column et_pb_css_mix_blend_mode_passthrough et_flex_column_8_24 et_flex_column_8_24_tablet et_flex_column_24_24_phone\">\n<div class=\"et_pb_toggle_1 et_pb_toggle et_pb_toggle_item et_pb_toggle_close et_pb_module et_flex_module\"><h4 class=\"et_pb_toggle_title\">I - R<\/h4><div class=\"et_pb_toggle_content clearfix et_flex_module\"><p>Ingwer<br \/>Kalmus<br \/>Kamille<br \/>Kapuzinerkresse<br \/>Kardamom<br \/>Karde<br \/>Kardobenediktenkraut<br \/>Katzenkrallen<br \/>Koriander<br \/>Knoblauch<br \/>Kurkuma<br \/>Lapacho<br \/>Lavendel<br \/>L\u00f6wenzahn<br \/>Maca<br \/>Mariendisteln<br \/>Meisterwurz<br \/>Mutterkraut<br \/>Olivenbl\u00e4tter<br \/>Petersilie (Krause-)<br \/>Propolis<br \/>Meisterwurz<br \/>Ringelblume<br \/>Rosenbl\u00fcten<br \/>Rosmarin<br \/>Rotklee<\/p>\n<\/div><\/div>\n<\/div>\n\n<div class=\"et_pb_column_13 et_pb_column et-last-child et_flex_column et_pb_css_mix_blend_mode_passthrough et_flex_column_8_24 et_flex_column_8_24_tablet et_flex_column_24_24_phone\">\n<div class=\"et_pb_toggle_2 et_pb_toggle et_pb_toggle_item et_pb_toggle_close et_pb_module et_flex_module\"><h4 class=\"et_pb_toggle_title\">S - Z<\/h4><div class=\"et_pb_toggle_content clearfix et_flex_module\"><p>Safran<br \/>Salbei<br \/>Schachtelhalm<br \/>Schafgarbe<br \/>Schl\u00fcsselblume<br \/>Schwarzk\u00fcmmelsamen<br \/>Sternanis<br \/>Stiefm\u00fctterchen<br \/>Storchenschnabel<br \/>Taubnessel<br \/>Tausendguldenkraut<br \/>Thymian<br \/>Umckaloabo<br \/>Wacholder<br \/>Wasserdost<br \/>Weihrauch<br \/>Weidenrinde<br \/>Weinraute\/ Rautenkraut<br \/>Weissdorn<br \/>Wermut<br \/>Yams<br \/>Zitrone<br \/>Zitronenmelisse<\/p>\n<\/div><\/div>\n<\/div>\n<\/div>\n\n<div class=\"et_pb_row_7 et_pb_row et_flex_row\">\n<div class=\"et_pb_column_14 et_pb_column et_flex_column et_pb_css_mix_blend_mode_passthrough et_flex_column_24_24 et_flex_column_24_24_tablet et_flex_column_24_24_phone\">\n<div class=\"et_pb_blurb_4 et_pb_blurb et_pb_bg_layout_light et_pb_text_align_center et_pb_blurb_position_top et_pb_module et_block_module\"><div class=\"et_pb_blurb_content\"><div class=\"et_pb_main_blurb_image\"><span class=\"et_pb_image_wrap et_pb_only_image_mode_wrap\"><img loading=\"lazy\" decoding=\"async\" src=\"https:\/\/www.seewald-auszeit.at\/4feuer\/wp-content\/uploads\/2025\/03\/flamme-weiss.png\" width=\"101\" height=\"205\" sizes=\"(max-width: 101px) 100vw, 101px\" class=\"et-waypoint et_pb_animation_left et_pb_animation_left_tablet et_pb_animation_left_phone wp-image-108\" \/><\/span><\/div><div class=\"et_pb_blurb_container\"><h3 class=\"et_pb_module_header\">Fermentation<\/h3><\/div><\/div><\/div>\n<\/div>\n\n<div class=\"et_pb_column_15 et_pb_column et_flex_column et_pb_css_mix_blend_mode_passthrough et_flex_column_24_24 et_flex_column_24_24_tablet et_flex_column_24_24_phone\">\n<div class=\"et_pb_blurb_5 et_pb_blurb et_pb_bg_layout_light et_pb_text_align_center et_pb_blurb_position_top et_pb_module et_block_module\"><div class=\"et_pb_blurb_content\"><div class=\"et_pb_main_blurb_image\"><span class=\"et_pb_image_wrap et_pb_only_image_mode_wrap\"><img loading=\"lazy\" decoding=\"async\" src=\"https:\/\/www.seewald-auszeit.at\/4feuer\/wp-content\/uploads\/2025\/03\/flamme-weiss.png\" width=\"101\" height=\"205\" sizes=\"(max-width: 101px) 100vw, 101px\" class=\"et-waypoint et_pb_animation_left et_pb_animation_left_tablet et_pb_animation_left_phone wp-image-108\" \/><\/span><\/div><div class=\"et_pb_blurb_container\"><h3 class=\"et_pb_module_header\">Destillation<\/h3><\/div><\/div><\/div>\n<\/div>\n\n<div class=\"et_pb_column_16 et_pb_column et_flex_column et_pb_css_mix_blend_mode_passthrough et_flex_column_24_24 et_flex_column_24_24_tablet et_flex_column_24_24_phone\">\n<div class=\"et_pb_blurb_6 et_pb_blurb et_pb_bg_layout_light et_pb_text_align_center et_pb_blurb_position_top et_pb_module et_block_module\"><div class=\"et_pb_blurb_content\"><div class=\"et_pb_main_blurb_image\"><span class=\"et_pb_image_wrap et_pb_only_image_mode_wrap\"><img loading=\"lazy\" decoding=\"async\" src=\"https:\/\/www.seewald-auszeit.at\/4feuer\/wp-content\/uploads\/2025\/03\/flamme-weiss.png\" width=\"101\" height=\"205\" sizes=\"(max-width: 101px) 100vw, 101px\" class=\"et-waypoint et_pb_animation_left et_pb_animation_left_tablet et_pb_animation_left_phone wp-image-108\" \/><\/span><\/div><div class=\"et_pb_blurb_container\"><h3 class=\"et_pb_module_header\">Erbl\u00fchen<\/h3><\/div><\/div><\/div>\n<\/div>\n\n<div class=\"et_pb_column_17 et_pb_column et_flex_column et_pb_css_mix_blend_mode_passthrough et_flex_column_24_24 et_flex_column_24_24_tablet et_flex_column_24_24_phone\">\n<div class=\"et_pb_blurb_7 et_pb_blurb et_pb_bg_layout_light et_pb_text_align_center et_pb_blurb_position_top et_pb_module et_block_module\"><div class=\"et_pb_blurb_content\"><div class=\"et_pb_main_blurb_image\"><span class=\"et_pb_image_wrap et_pb_only_image_mode_wrap\"><img loading=\"lazy\" decoding=\"async\" src=\"https:\/\/www.seewald-auszeit.at\/4feuer\/wp-content\/uploads\/2025\/03\/flamme-weiss.png\" width=\"101\" height=\"205\" sizes=\"(max-width: 101px) 100vw, 101px\" class=\"et-waypoint et_pb_animation_left et_pb_animation_left_tablet et_pb_animation_left_phone wp-image-108\" \/><\/span><\/div><div class=\"et_pb_blurb_container\"><h3 class=\"et_pb_module_header\">Separation<\/h3><\/div><\/div><\/div>\n<\/div>\n\n<div class=\"et_pb_column_18 et_pb_column et-last-child et_flex_column et_pb_css_mix_blend_mode_passthrough et_flex_column_24_24 et_flex_column_24_24_tablet et_flex_column_24_24_phone\">\n<div class=\"et_pb_blurb_8 et_pb_blurb et_pb_bg_layout_light et_pb_text_align_center et_pb_blurb_position_top et_pb_module et_block_module\"><div class=\"et_pb_blurb_content\"><div class=\"et_pb_main_blurb_image\"><span class=\"et_pb_image_wrap et_pb_only_image_mode_wrap\"><img loading=\"lazy\" decoding=\"async\" src=\"https:\/\/www.seewald-auszeit.at\/4feuer\/wp-content\/uploads\/2025\/03\/flamme-weiss.png\" width=\"101\" height=\"205\" sizes=\"(max-width: 101px) 100vw, 101px\" class=\"et-waypoint et_pb_animation_left et_pb_animation_left_tablet et_pb_animation_left_phone wp-image-108\" \/><\/span><\/div><div class=\"et_pb_blurb_container\"><h3 class=\"et_pb_module_header\">Reifung<\/h3><\/div><\/div><\/div>\n<\/div>\n<\/div>\n<\/div>\n\n<div class=\"et_pb_section_2 et_pb_section et_section_regular et_block_section\">\n<div class=\"et_pb_row_8 et_pb_row et_flex_row et_pb_row_fullwidth\">\n<div class=\"et_pb_column_19 et_pb_column et_flex_column et_pb_column_empty et_pb_css_mix_blend_mode_passthrough et_flex_column_24_24 et_flex_column_24_24_tablet et_flex_column_24_24_phone\"><\/div>\n\n<div class=\"et_pb_column_20 et_pb_column et_flex_column et_pb_css_mix_blend_mode_passthrough et_flex_column_24_24 et_flex_column_24_24_tablet\">\n<div class=\"et_pb_slider_0 et_pb_slider et_pb_slider_fullwidth_off et_pb_slider_no_arrows et_pb_module et_block_module\"><div class=\"et_pb_slides\">\n<div class=\"et_pb_slide_0 et_pb_slide et_pb_media_alignment_center et_pb_bg_layout_dark et_pb_module et_block_module\" data-slide-id=\"divi\/slide-0\"><div class=\"et_pb_container\"><div class=\"et_pb_slider_container_inner\"><div class=\"et_pb_slide_description\"><div class=\"et_pb_slide_content\"><p>\u201c \u2026so bringt doch die Fermentation keinen brennenden Geist aus den Kr\u00e4utern \u2026\u00a0 sie schlie\u00dft dieselbe aber dennoch auf und bringet sie in sothane Rarefaction oder Erd\u00fcnnung, da\u00df alles Salz und \u00d6l, so darinnen verborgen, und der Sitz aller Kr\u00e4fte ist, zu einem Spiritu wird, und in Gestalt eines Liquoris in die Vorlage f\u00e4llt.\u201c<\/p>\n<p>\u201eWie wohl ich dennoch dem Artisten rathen will einen Spiritum Vini in seinen Operationibus zu gebrauchen, weil er viel subtiler und durchdringender ist als\u00a0 Kornbrand.\u201c<\/p>\n<p>\u201eDie Circulation oder Auf- und Absteigung geschiehet, wenn die Materia in einem Pelikan oder Circulier-Gef\u00e4ssen, die ineinander gehen, durch die W\u00e4rme erhoben wird, und hernach wieder herunter auf seinen eigenen Leib f\u00e4llet, entweder um denselben durch Mittel seiner Geister fl\u00fcchtig zu machen, oder den Spiritum durch den Leib zu figieren; welches wohl wehrt ist, da\u00df es von einem Naturk\u00fcndiger in acht genommen werde.\u201c<\/p>\n<p><em>Nicolas Lef\u00e8vre <br \/>(Apotheker und Chemiker, Frankreich 17. Jhd,)<\/em><\/p>\n<\/div><\/div><\/div><\/div><\/div>\n\n<div class=\"et_pb_slide_1 et_pb_slide et_pb_media_alignment_center et_pb_bg_layout_dark et_pb_module et_block_module\" data-slide-id=\"divi\/slide-1\"><div class=\"et_pb_container\"><div class=\"et_pb_slider_container_inner\"><div class=\"et_pb_slide_description\"><div class=\"et_pb_slide_content\"><p>\"Alles, was der Mensch tut und zu tun hat,<br \/>soll er aus dem Licht der Natur tun.\"<\/p>\n<p>\"Die Kunst und die Werke m\u00fcssen aus der Liebe entspringen, sonst ist nichts Vollkommenes da.\"<\/p>\n<p>\"Glaubt den Werken, nicht den Worten. Worte sind leerer Schall. Die Werke aber zeigen euch den Meister an.\"<\/p>\n<p><em>Paracelsus, 16. Jhd.<\/em><\/p>\n<\/div><\/div><\/div><\/div><\/div>\n<\/div><\/div>\n<\/div>\n\n<div class=\"et_pb_column_21 et_pb_column et-last-child et_flex_column et_pb_column_empty et_pb_css_mix_blend_mode_passthrough et_flex_column_24_24 et_flex_column_24_24_tablet et_flex_column_24_24_phone\"><\/div>\n<\/div>\n<\/div>\n\n<div class=\"et_pb_section_3 et_pb_section et_section_regular et_block_section\">\n<div class=\"et_pb_row_9 et_pb_row et_block_row\">\n<div class=\"et_pb_column_22 et_pb_column et_pb_column_4_4 et-last-child et_block_column et_pb_css_mix_blend_mode_passthrough\">\n<div class=\"et_pb_text_10 et_pb_text et_pb_bg_layout_light et_pb_module et_block_module et_pb_text_align_center\"><div class=\"et_pb_text_inner\"><p><a href=\"https:\/\/www.seewald-auszeit.at\/4feuer\/impressum-datenschutz\/\" target=\"_blank\" rel=\"noopener\">Impressum | Datenschutz<\/a><\/p>\n<\/div><\/div>\n<\/div>\n<\/div>\n<\/div>","protected":false},"excerpt":{"rendered":"","protected":false},"author":2,"featured_media":0,"parent":0,"menu_order":0,"comment_status":"closed","ping_status":"closed","template":"page-template-blank.php","meta":{"footnotes":""},"class_list":["post-12","page","type-page","status-publish","hentry"],"_links":{"self":[{"href":"https:\/\/www.seewald-auszeit.at\/4feuer\/wp-json\/wp\/v2\/pages\/12","targetHints":{"allow":["GET"]}}],"collection":[{"href":"https:\/\/www.seewald-auszeit.at\/4feuer\/wp-json\/wp\/v2\/pages"}],"about":[{"href":"https:\/\/www.seewald-auszeit.at\/4feuer\/wp-json\/wp\/v2\/types\/page"}],"author":[{"embeddable":true,"href":"https:\/\/www.seewald-auszeit.at\/4feuer\/wp-json\/wp\/v2\/users\/2"}],"replies":[{"embeddable":true,"href":"https:\/\/www.seewald-auszeit.at\/4feuer\/wp-json\/wp\/v2\/comments?post=12"}],"version-history":[{"count":61,"href":"https:\/\/www.seewald-auszeit.at\/4feuer\/wp-json\/wp\/v2\/pages\/12\/revisions"}],"predecessor-version":[{"id":205,"href":"https:\/\/www.seewald-auszeit.at\/4feuer\/wp-json\/wp\/v2\/pages\/12\/revisions\/205"}],"wp:attachment":[{"href":"https:\/\/www.seewald-auszeit.at\/4feuer\/wp-json\/wp\/v2\/media?parent=12"}],"curies":[{"name":"wp","href":"https:\/\/api.w.org\/{rel}","templated":true}]}}